{"id":2559,"date":"2020-06-30T11:15:59","date_gmt":"2020-06-30T11:15:59","guid":{"rendered":"https:\/\/store.casarossatextil.ro\/?post_type=product&#038;p=2559"},"modified":"2022-07-05T13:53:03","modified_gmt":"2022-07-05T13:53:03","slug":"ars125-v1715","status":"publish","type":"product","link":"https:\/\/store.casarossatextil.ro\/?product=ars125-v1715","title":{"rendered":"ARS125 V1715"},"content":{"rendered":"<p>Tesatura draperie confectionata din 100% poliester. Latimea acestui material este 280 cm.<\/p>\n<p>Aceasta tesatura este perfecta pentru a infrumuseta orice incapere. Pretul este pentru metru liniar.Pentru \u00een\u0103l\u021bimea \u0219i lungimea ne pute\u021bi contacta pe WhatsApp.<\/p>\n<p>Pre\u0163ul afi\u015fat este pentru 1 metru liniar de material. Num\u0103rul de metri liniari dori\u0163i poate fi setat \u00een pagina de co\u015f, \u00een c\u00e2mpul &#8220;Cantitate&#8221;.<\/p>\n<dl class=\"dl-horizontal\">\n<dt>L\u0103\u021bime:\u00a0<strong>280 cm<\/strong><\/p>\n<dl class=\"dl-horizontal\">\n<dt><img loading=\"lazy\" decoding=\"async\" class=\"wp-image-92 alignnone\" style=\"font-weight: normal;\" src=\"https:\/\/store.casarossatextil.ro\/wp-content\/uploads\/2020\/04\/IMG_8743giga3-300x95.jpg\" alt=\"\" width=\"174\" height=\"55\" srcset=\"https:\/\/store.casarossatextil.ro\/wp-content\/uploads\/2020\/04\/IMG_8743giga3-300x95.jpg 300w, https:\/\/store.casarossatextil.ro\/wp-content\/uploads\/2020\/04\/IMG_8743giga3-1024x325.jpg 1024w, https:\/\/store.casarossatextil.ro\/wp-content\/uploads\/2020\/04\/IMG_8743giga3-768x244.jpg 768w, https:\/\/store.casarossatextil.ro\/wp-content\/uploads\/2020\/04\/IMG_8743giga3-1536x488.jpg 1536w, https:\/\/store.casarossatextil.ro\/wp-content\/uploads\/2020\/04\/IMG_8743giga3-416x132.jpg 416w, https:\/\/store.casarossatextil.ro\/wp-content\/uploads\/2020\/04\/IMG_8743giga3.jpg 1680w\" sizes=\"(max-width: 174px) 100vw, 174px\" \/><\/dt>\n<\/dl>\n<\/dt>\n<dt><\/dt>\n<dt><strong>Ghid de m\u0103surare a perdelelor \u0219i draperiilor<\/strong><\/dt>\n<\/dl>\n<p>\u00cenainte de a \u00eencepe, c\u00e2teva sfaturi:<\/p>\n<ul>\n<li>deseneaz\u0103 o schi\u021b\u0103 a fiec\u0103rei ferestre \u0219i noteaz\u0103 pe aceasta valorile m\u0103surate<\/li>\n<li>este recomandabil s\u0103 folose\u0219ti o rulet\u0103 metalic\u0103<\/li>\n<li>nu uita regula de aur: &#8220;M\u0103soar\u0103 de dou\u0103 ori, ca s\u0103 tai o singur\u0103 data&#8221;<\/li>\n<\/ul>\n<div><strong>M\u0103surarea lungimii<\/strong><\/div>\n<div>\n<p>\u00cenainte de a face m\u0103sur\u0103torile, \u00ee\u021bi recomand\u0103m s\u0103 montezi \u0219ina sau galeria. Aceasta se amplaseaz\u0103 la cca 15 cm deasupra marginii superioare a ferestrei. De asemenea, indiferent de sistemul ales, acesta trebuie s\u0103 \u00eencadreze fereastra (ideal, c\u00e2te 20 cm la st\u00e2nga \u0219i la dreapta acesteia).<\/p>\n<\/div>\n<div>Dac\u0103 folose\u0219ti \u0219in\u0103, m\u0103soar\u0103 lungimea acesteia \u00eentre cele dou\u0103 capete. Dac\u0103 folose\u0219ti galerie, m\u0103soar\u0103 lungimea barei, f\u0103r\u0103 a include termina\u0163iile decorative (finialele):<\/div>\n<div><\/div>\n<div><strong><img loading=\"lazy\" decoding=\"async\" class=\"alignnone size-medium wp-image-156 aligncenter\" src=\"https:\/\/store.casarossatextil.ro\/wp-content\/uploads\/2020\/04\/masurare-sistem-de-prindere-300x185.jpg\" alt=\"\" width=\"300\" height=\"185\" srcset=\"https:\/\/store.casarossatextil.ro\/wp-content\/uploads\/2020\/04\/masurare-sistem-de-prindere-300x185.jpg 300w, https:\/\/store.casarossatextil.ro\/wp-content\/uploads\/2020\/04\/masurare-sistem-de-prindere-416x256.jpg 416w, https:\/\/store.casarossatextil.ro\/wp-content\/uploads\/2020\/04\/masurare-sistem-de-prindere.jpg 650w\" sizes=\"(max-width: 300px) 100vw, 300px\" \/><\/strong><\/div>\n<div><\/div>\n<div>Dac\u0103 dore\u0219ti ca perdeaua sau draperia s\u0103 acopere numai fereastra, m\u0103soar\u0103 l\u0103\u0163imea acesteia dintr-o muchie \u00een cealalt\u0103, incluz\u00e2nd orice fel de ancadrament sau corni\u015f\u0103 decorativ\u0103. La valoarea ob\u021binut\u0103 adaug\u0103 40 cm (20 cm de fiecare parte a ferestrei). Dac\u0103 draperia va fi confec\u021bionat\u0103 din dou\u0103 buc\u0103\u021bi, adaug\u0103 \u00eenc\u0103 2,5 cm (astfel, c\u00e2nd tragi draperiile, marginile se vor suprapune \u0219i nu vor l\u0103sa s\u0103 treac\u0103 lumina).<\/div>\n<div><\/div>\n<div><img loading=\"lazy\" decoding=\"async\" class=\"size-medium wp-image-157 aligncenter\" src=\"https:\/\/store.casarossatextil.ro\/wp-content\/uploads\/2020\/04\/masurare-fara-sistem-de-prindere-300x263.jpg\" alt=\"\" width=\"300\" height=\"263\" srcset=\"https:\/\/store.casarossatextil.ro\/wp-content\/uploads\/2020\/04\/masurare-fara-sistem-de-prindere-300x263.jpg 300w, https:\/\/store.casarossatextil.ro\/wp-content\/uploads\/2020\/04\/masurare-fara-sistem-de-prindere.jpg 400w\" sizes=\"(max-width: 300px) 100vw, 300px\" \/><\/div>\n<div><\/div>\n<div>\n<p><strong>Factorul de \u00eencre\u021bire<\/strong> este num\u0103rul cu care se multiplic\u0103 valoarea m\u0103surat\u0103 mai sus, pentru a ob\u021bine lungimea total\u0103 a perdelei\/draperiei. \u00cencre\u021birea se alege \u00een func\u021bie de grosimea materialului, dar \u0219i de stilul amenaj\u0103rii (ex: o amenajare \u00een stil clasic cere falduri mai bogate).<\/p>\n<ul>\n<li>perdele: 2 &#8230; 2,5 x lungimea m\u0103surat\u0103<\/li>\n<li>draperii: 1,8 &#8230; 2 x lungimea m\u0103surat\u0103<\/li>\n<\/ul>\n<p><strong>M\u0103surarea \u00een\u0103l\u021bimii<\/strong><\/p>\n<p>\u00cen func\u021bie de preferin\u021be, \u00een\u0103l\u0163imea perdelei sau draperiei se m\u0103soar\u0103 de la marginea superioar\u0103 a sistemului de prindere<\/p>\n<\/div>\n<p><img loading=\"lazy\" decoding=\"async\" class=\"size-medium wp-image-158 aligncenter\" src=\"https:\/\/store.casarossatextil.ro\/wp-content\/uploads\/2020\/04\/masurare-capat-galerie-300x89.jpg\" alt=\"\" width=\"300\" height=\"89\" srcset=\"https:\/\/store.casarossatextil.ro\/wp-content\/uploads\/2020\/04\/masurare-capat-galerie-300x89.jpg 300w, https:\/\/store.casarossatextil.ro\/wp-content\/uploads\/2020\/04\/masurare-capat-galerie-416x123.jpg 416w, https:\/\/store.casarossatextil.ro\/wp-content\/uploads\/2020\/04\/masurare-capat-galerie.jpg 675w\" sizes=\"(max-width: 300px) 100vw, 300px\" \/><\/p>\n<p>p\u00e2n\u0103 deasupra pervazului, sub pervaz sau p\u00e2n\u0103 la podea:<\/p>\n<p><img loading=\"lazy\" decoding=\"async\" class=\"size-medium wp-image-155 aligncenter\" src=\"https:\/\/store.casarossatextil.ro\/wp-content\/uploads\/2020\/04\/masurarea-inaltimii-draperiei-300x185.jpg\" alt=\"\" width=\"300\" height=\"185\" srcset=\"https:\/\/store.casarossatextil.ro\/wp-content\/uploads\/2020\/04\/masurarea-inaltimii-draperiei-300x185.jpg 300w, https:\/\/store.casarossatextil.ro\/wp-content\/uploads\/2020\/04\/masurarea-inaltimii-draperiei-416x256.jpg 416w, https:\/\/store.casarossatextil.ro\/wp-content\/uploads\/2020\/04\/masurarea-inaltimii-draperiei.jpg 650w\" sizes=\"(max-width: 300px) 100vw, 300px\" \/>Pentru o amenajare romantic\u0103 (ex. dormitor shabby chic), at\u00e2t perdeaua c\u00e2t \u015fi draperia pot fi l\u0103sate s\u0103 se a\u015feze pe podea, la \u00een\u0103l\u021bimea m\u0103surat\u0103 ad\u0103ug\u00e2ndu-se 10-15 cm.<br \/>\nDac\u0103 perdeaua cade deasupra unui calorifer, atunci \u00een\u0103l\u021bimea va fi m\u0103surat\u0103 las\u00e2nd liberi 3 cm deasupra caloriferului, pentru a permite aerului cald s\u0103 circule \u00een \u00eenc\u0103pere.<\/p>\n","protected":false},"excerpt":{"rendered":"<p>Eleganta care iti infrumuseteaza casa.<\/p>\n","protected":false},"featured_media":2563,"comment_status":"open","ping_status":"closed","template":"","meta":{"_joinchat":[]},"product_cat":[49,52,43],"product_tag":[],"_links":{"self":[{"href":"https:\/\/store.casarossatextil.ro\/index.php?rest_route=\/wp\/v2\/product\/2559"}],"collection":[{"href":"https:\/\/store.casarossatextil.ro\/index.php?rest_route=\/wp\/v2\/product"}],"about":[{"href":"https:\/\/store.casarossatextil.ro\/index.php?rest_route=\/wp\/v2\/types\/product"}],"replies":[{"embeddable":true,"href":"https:\/\/store.casarossatextil.ro\/index.php?rest_route=%2Fwp%2Fv2%2Fcomments&post=2559"}],"wp:featuredmedia":[{"embeddable":true,"href":"https:\/\/store.casarossatextil.ro\/index.php?rest_route=\/wp\/v2\/media\/2563"}],"wp:attachment":[{"href":"https:\/\/store.casarossatextil.ro\/index.php?rest_route=%2Fwp%2Fv2%2Fmedia&parent=2559"}],"wp:term":[{"taxonomy":"product_cat","embeddable":true,"href":"https:\/\/store.casarossatextil.ro\/index.php?rest_route=%2Fwp%2Fv2%2Fproduct_cat&post=2559"},{"taxonomy":"product_tag","embeddable":true,"href":"https:\/\/store.casarossatextil.ro\/index.php?rest_route=%2Fwp%2Fv2%2Fproduct_tag&post=2559"}],"curies":[{"name":"wp","href":"https:\/\/api.w.org\/{rel}","templated":true}]}}